{"id":4,"date":"2017-06-10T08:21:56","date_gmt":"2017-06-10T08:21:56","guid":{"rendered":"http:\/\/xtratheme.comwinery\/?page_id=4"},"modified":"2026-03-19T06:28:55","modified_gmt":"2026-03-19T06:28:55","slug":"home-2","status":"publish","type":"page","link":"https:\/\/monchoco.com\/","title":{"rendered":"ACCUEIL"},"content":{"rendered":"<div class=\"wpb-content-wrapper\"><p>[vc_row full_width=\u00a0\u00bbstretch_row_content\u00a0\u00bb content_placement=\u00a0\u00bbmiddle\u00a0\u00bb parallax=\u00a0\u00bbcontent-moving\u00a0\u00bb css=\u00a0\u00bb.vc_custom_1555117309185{background-image: url(https:\/\/monchoco.com\/\/wp-content\/uploads\/2019\/03\/img2.jpg?id=749) !important;}\u00a0\u00bb][vc_column parallax=\u00a0\u00bbcontent-moving\u00a0\u00bb parallax_image=\u00a0\u00bb732&Prime; offset=\u00a0\u00bbvc_col-xs-12&Prime; css=\u00a0\u00bb.vc_custom_1555118799937{padding-right: 50px !important;padding-left: 50px !important;}\u00a0\u00bb]<div class=\"cz_gap clr  hide_on_mobile\" style=\"height: 60px\"><\/div><div class=\"cz_gap show_on_mobile clr\" style=\"height: 40px\"><\/div><div class=\"cz_gap clr  hide_on_mobile\" style=\"height: 60px\"><\/div><div class=\"cz_gap show_on_mobile clr\" style=\"height: 40px\"><\/div><div class=\"cz_gap clr  hide_on_mobile\" style=\"height: 60px\"><\/div><div class=\"cz_gap show_on_mobile clr\" style=\"height: 40px\"><\/div><div id=\"cz_30698\" class=\"cz_30698 cz_title clr cz_mobile_text_center cz_title_pos_inline tac\"><div class=\"cz_title_content\"><div class=\"cz_wpe_content\"><h1 style=\"text-align: center;\"><span style=\"font-family: 'Arial Black'; font-size: 90px; color: #ffffff;\"><strong>LA COLLECTION<\/strong><\/span><\/h1>\n<\/div><\/div><\/div><div class=\"cz_btn_center\"><div class=\"cz_103264_p\"><a id=\"cz_103264\" class=\"cz_103264 cz_btn cz_btn_txt_no_fx cz_btn_fill_up\" href=\"https:\/\/monchoco.com\/?page_id=1496\"><span><strong>VOIR LES PRODUITS<\/strong><\/span><b class=\"cz_btn_onhover\"><strong>VOIR LES PRODUITS<\/strong><\/b><\/a><\/div><\/div><div class=\"cz_gap clr  hide_on_mobile\" style=\"height: 60px\"><\/div><div class=\"cz_gap show_on_mobile clr\" style=\"height: 40px\"><\/div><div class=\"cz_gap clr  hide_on_mobile\" style=\"height: 60px\"><\/div><div class=\"cz_gap show_on_mobile clr\" style=\"height: 40px\"><\/div><div class=\"cz_gap clr  hide_on_mobile\" style=\"height: 60px\"><\/div><div class=\"cz_gap show_on_mobile clr\" style=\"height: 40px\"><\/div><div class=\"cz_gap clr  hide_on_mobile\" style=\"height: 60px\"><\/div><div class=\"cz_gap show_on_mobile clr\" style=\"height: 40px\"><\/div>[\/vc_column][\/vc_row][vc_row full_width=\u00a0\u00bbstretch_row_content_no_spaces\u00a0\u00bb equal_height=\u00a0\u00bbyes\u00a0\u00bb content_placement=\u00a0\u00bbmiddle\u00a0\u00bb][vc_column width=\u00a0\u00bb1\/2&Prime; css=\u00a0\u00bb.vc_custom_1500554500154{padding-top: 50px !important;padding-right: 70px !important;padding-left: 70px !important;background-color: rgba(225,187,135,0.05) !important;}\u00a0\u00bb][vc_column_text]<\/p>\n<h3 align=\"justify\">MonChoco a remport\u00e9 le prix du Meilleur Chocolat Ferment\u00e9 d\u00e9cern\u00e9 par l\u2019African Chocolate of Excellence, une double m\u00e9daille d\u2019or pour notre chocolat 70 % et notre chocolat 100 % !<\/h3>\n<p>[\/vc_column_text][\/vc_column][vc_column width=\u00a0\u00bb1\/2&Prime; css=\u00a0\u00bb.vc_custom_1749040961183{background-position: center !important;background-repeat: no-repeat !important;background-size: cover !important;}\u00a0\u00bb offset=\u00a0\u00bbvc_col-xs-12 vc_hidden-xs\u00a0\u00bb][vc_single_image image=\u00a0\u00bb3392&Prime; img_size=\u00a0\u00bb768&#215;768&Prime;][\/vc_column][\/vc_row][vc_row full_width=\u00a0\u00bbstretch_row_content_no_spaces\u00a0\u00bb content_placement=\u00a0\u00bbmiddle\u00a0\u00bb css=\u00a0\u00bb.vc_custom_1557954937066{padding-top: 30px !important;padding-bottom: 40px !important;}\u00a0\u00bb][vc_column]<div class=\"cz_gap clr \" style=\"height: 50px\"><\/div>[vc_video link=\u00a0\u00bbhttps:\/\/youtu.be\/l_L3ETj9YQw\u00a0\u00bb el_width=\u00a0\u00bb70&Prime; align=\u00a0\u00bbcenter\u00a0\u00bb]<div class=\"cz_gap clr \" style=\"height: 50px\"><\/div><div id=\"cz_80025\" class=\"cz_80025 cz_title clr cz_title_pos_inline tac\"><div class=\"cz_title_shape shape_text cz_shape_1\"><\/div><div class=\"cz_title_content\"><span class=\"cz_line_side_solo\">_<\/span><div class=\"cz_wpe_content\"><h2 style=\"text-align: center;\"><span style=\"font-size: 40px;\">Notre Chocolat<\/span><\/h2>\n<\/div><span class=\"cz_line_side_solo cz_line_side_after\">_<\/span><\/div><\/div><div id=\"cz_85759\" class=\"cz_85759 cz_title clr cz_mobile_text_center cz_title_pos_inline tac\"><div class=\"cz_title_content\"><div class=\"cz_wpe_content\"><h3 style=\"text-align: center;\">Nos produits sont confectionn\u00e9s \u00e0 partir de\u00a0f\u00e8ves\u00a0de\u00a0cacao provenant\u00a0exclusivement d\u2019Afrique de l\u2019Ouest.<\/h3>\n<\/div><\/div><\/div><div class=\"cz_gap clr \" style=\"height: 30px\"><\/div><div class=\"cz_btn_center\"><div class=\"cz_60737_p\"><a id=\"cz_60737\" class=\"cz_60737 cz_btn cz_btn_txt_no_fx cz_btn_fill_up\" href=\"https:\/\/monchoco.com\/?page_id=807\"><span><strong>D\u00e9couvrir notre signature<\/strong><\/span><b class=\"cz_btn_onhover\"><strong>D\u00e9couvrir notre signature<\/strong><\/b><\/a><\/div><\/div><div class=\"cz_gap clr  hide_on_mobile\" style=\"height: 60px\"><\/div><div class=\"cz_gap show_on_mobile clr\" style=\"height: 40px\"><\/div>[\/vc_column][\/vc_row][vc_row full_width=\u00a0\u00bbstretch_row_content_no_spaces\u00a0\u00bb equal_height=\u00a0\u00bbyes\u00a0\u00bb content_placement=\u00a0\u00bbmiddle\u00a0\u00bb][vc_column width=\u00a0\u00bb1\/2&Prime; css=\u00a0\u00bb.vc_custom_1500554500154{padding-top: 50px !important;padding-right: 70px !important;padding-left: 70px !important;background-color: rgba(225,187,135,0.05) !important;}\u00a0\u00bb]<div class=\"cz_gap clr  hide_on_mobile\" style=\"height: 20px\"><\/div><div class=\"cz_gap show_on_mobile clr\" style=\"height: 40px\"><\/div><div id=\"cz_89549\" class=\"cz_89549 cz_title clr cz_title_pos_inline tac\"><div class=\"cz_title_shape shape_text cz_shape_1\"><\/div><div class=\"cz_title_content\"><div class=\"cz_wpe_content\"><h2 style=\"text-align: center;\"><span style=\"font-size: 40px;\">Notre Signature :<\/span><\/h2>\n<\/div><\/div><\/div><div id=\"cz_84887\" class=\"cz_84887 cz_title clr cz_mobile_text_center cz_title_pos_inline\"><div class=\"cz_title_content\"><div class=\"cz_wpe_content\"><h3>Le go\u00fbt fruit\u00e9, bois\u00e9 et les bienfaits de notre chocolat cru.<\/h3>\n<\/div><\/div><\/div><div class=\"cz_gap clr \" style=\"height: 30px\"><\/div><div class=\"cz_btn_center\"><div class=\"cz_50136_p\"><a id=\"cz_50136\" class=\"cz_50136 cz_btn cz_btn_txt_no_fx cz_btn_fill_up\" href=\"https:\/\/monchoco.com\/?page_id=807\"><span><strong>D\u00e9couvrir notre signature<\/strong><\/span><b class=\"cz_btn_onhover\"><strong>D\u00e9couvrir notre signature<\/strong><\/b><\/a><\/div><\/div><div class=\"cz_gap clr \" style=\"height: 30px\"><\/div>[\/vc_column][vc_column width=\u00a0\u00bb1\/2&Prime; css=\u00a0\u00bb.vc_custom_1552307229720{background-image: url(https:\/\/monchoco.com\/\/wp-content\/uploads\/2019\/03\/img3.jpg?id=737) !important;background-position: center !important;background-repeat: no-repeat !important;background-size: cover !important;}\u00a0\u00bb offset=\u00a0\u00bbvc_col-xs-12 vc_hidden-xs\u00a0\u00bb]<div class=\"cz_gap clr \" style=\"height: 600px\"><\/div>[\/vc_column][\/vc_row][vc_row full_width=\u00a0\u00bbstretch_row_content\u00a0\u00bb content_placement=\u00a0\u00bbmiddle\u00a0\u00bb parallax=\u00a0\u00bbcontent-moving\u00a0\u00bb css=\u00a0\u00bb.vc_custom_1555139173205{background-image: url(https:\/\/monchoco.com\/\/wp-content\/uploads\/2019\/03\/img4.jpg?id=751) !important;}\u00a0\u00bb][vc_column parallax=\u00a0\u00bbcontent-moving\u00a0\u00bb parallax_image=\u00a0\u00bb732&Prime;]<div class=\"cz_gap clr  hide_on_mobile\" style=\"height: 60px\"><\/div><div class=\"cz_gap show_on_mobile clr\" style=\"height: 40px\"><\/div><div class=\"cz_gap clr  hide_on_mobile\" style=\"height: 60px\"><\/div><div class=\"cz_gap show_on_mobile clr\" style=\"height: 40px\"><\/div><div class=\"cz_gap clr  hide_on_mobile\" style=\"height: 60px\"><\/div><div class=\"cz_gap show_on_mobile clr\" style=\"height: 40px\"><\/div><div id=\"cz_72161\" class=\"cz_72161 cz_title clr cz_mobile_text_center cz_title_pos_inline tac\"><div class=\"cz_title_content\"><div class=\"cz_wpe_content\"><h1 style=\"text-align: center;\"><span style=\"font-family: 'Arial Black'; font-size: 90px; color: #192b00;\"><span style=\"color: #192b00; font-family: Arial Black;\">LES NOUVEAUT\u00c9S<\/span><\/span><\/h1>\n<\/div><\/div><\/div><div class=\"cz_btn_center\"><div class=\"cz_38501_p\"><a id=\"cz_38501\" class=\"cz_38501 cz_btn cz_btn_txt_no_fx cz_btn_fill_up\" href=\"https:\/\/monchoco.com\/?page_id=1496\"><span><strong>VOIR LES PRODUITS<\/strong><\/span><b class=\"cz_btn_onhover\"><strong>VOIR LES PRODUITS<\/strong><\/b><\/a><\/div><\/div><div class=\"cz_gap clr  hide_on_mobile\" style=\"height: 60px\"><\/div><div class=\"cz_gap show_on_mobile clr\" style=\"height: 40px\"><\/div><div class=\"cz_gap clr  hide_on_mobile\" style=\"height: 60px\"><\/div><div class=\"cz_gap show_on_mobile clr\" style=\"height: 40px\"><\/div><div class=\"cz_gap clr  hide_on_mobile\" style=\"height: 60px\"><\/div><div class=\"cz_gap show_on_mobile clr\" style=\"height: 40px\"><\/div><div class=\"cz_gap clr  hide_on_mobile\" style=\"height: 60px\"><\/div><div class=\"cz_gap show_on_mobile clr\" style=\"height: 40px\"><\/div>[\/vc_column][\/vc_row]<\/p>\n<\/div>","protected":false},"excerpt":{"rendered":"<p>[vc_row full_width=\u00a0\u00bbstretch_row_content\u00a0\u00bb content_placement=\u00a0\u00bbmiddle\u00a0\u00bb parallax=\u00a0\u00bbcontent-moving\u00a0\u00bb css=\u00a0\u00bb.vc_custom_1555117309185{background-image: url(https:\/\/monchoco.com\/\/wp-content\/uploads\/2019\/03\/img2.jpg?id=749) !important;}\u00a0\u00bb][vc_column parallax=\u00a0\u00bbcontent-moving\u00a0\u00bb parallax_image=\u00a0\u00bb732&Prime; offset=\u00a0\u00bbvc_col-xs-12&Prime; css=\u00a0\u00bb.vc_custom_1555118799937{padding-right: &#8230; <\/p>\n","protected":false},"author":2,"featured_media":0,"parent":0,"menu_order":0,"comment_status":"closed","ping_status":"closed","template":"","meta":{"footnotes":""},"class_list":["post-4","page","type-page","status-publish","hentry"],"_links":{"self":[{"href":"https:\/\/monchoco.com\/index.php?rest_route=\/wp\/v2\/pages\/4","targetHints":{"allow":["GET"]}}],"collection":[{"href":"https:\/\/monchoco.com\/index.php?rest_route=\/wp\/v2\/pages"}],"about":[{"href":"https:\/\/monchoco.com\/index.php?rest_route=\/wp\/v2\/types\/page"}],"author":[{"embeddable":true,"href":"https:\/\/monchoco.com\/index.php?rest_route=\/wp\/v2\/users\/2"}],"replies":[{"embeddable":true,"href":"https:\/\/monchoco.com\/index.php?rest_route=%2Fwp%2Fv2%2Fcomments&post=4"}],"version-history":[{"count":133,"href":"https:\/\/monchoco.com\/index.php?rest_route=\/wp\/v2\/pages\/4\/revisions"}],"predecessor-version":[{"id":3730,"href":"https:\/\/monchoco.com\/index.php?rest_route=\/wp\/v2\/pages\/4\/revisions\/3730"}],"wp:attachment":[{"href":"https:\/\/monchoco.com\/index.php?rest_route=%2Fwp%2Fv2%2Fmedia&parent=4"}],"curies":[{"name":"wp","href":"https:\/\/api.w.org\/{rel}","templated":true}]}}